{"id":3883,"date":"2024-11-29T12:39:49","date_gmt":"2024-11-29T18:39:49","guid":{"rendered":"https:\/\/videomapping.com.mx\/?post_type=product&#038;p=3883"},"modified":"2024-12-02T17:35:32","modified_gmt":"2024-12-02T23:35:32","slug":"chichencolectivo","status":"publish","type":"product","link":"https:\/\/videomapping.com.mx\/en\/reservar\/chichencolectivo\/","title":{"rendered":"Chichen Itz\u00e1 Collective"},"content":{"rendered":"<p>A walking tour through the historic center of the city, allowing you to discover this Magical Town of Mexico, the Mayan city of Zac\u00ed on which the now four-time heroic city of Valladolid was built. Uncover its history, its magical corners, and get to know the tourism hub of an entire region filled with historical richness, nature, and a living Mayan culture.<\/p>\n<div class=\"group\/conversation-turn relative flex w-full min-w-0 flex-col agent-turn\">\n<div class=\"flex-col gap-1 md:gap-3\">\n<div class=\"flex max-w-full flex-col flex-grow\">\n<div class=\"min-h-8 text-message flex w-full flex-col items-end gap-2 whitespace-normal break-words [.text-message+&amp;]:mt-5\" dir=\"auto\" data-message-author-role=\"assistant\" data-message-id=\"5e4c08e7-42d9-44a4-be30-24486dd65252\">\n<div class=\"flex w-full flex-col gap-1 empty:hidden first:pt-[3px]\">\n<div class=\"markdown prose w-full break-words dark:prose-invert dark\">\n<p>The free walking tour in Valladolid begins at the Municipal Palace, where the guide gives a warm welcome and explains the city's designation as a Pueblo M\u00e1gico. Throughout the tour, visitors explore iconic sites such as the Mural Hall, Plaza Cant\u00f3n, the imposing Cathedral of San Servacio, and the charming 5 streets. The tour concludes at the historic Calzada de los Frailes and the Convent of San Bernardino de Siena, offering a complete immersion into the rich history and culture of Valladolid.<\/p>\n<\/div>\n<\/div>\n<\/div>\n<\/div>\n<\/div>\n<\/div>","protected":false},"excerpt":{"rendered":"<p>Un recorrido a pie por el centro hist\u00f3rico de la ciudad , que te permitir\u00e1 descubrir este Pueblo M\u00e1gico de M\u00e9xico, a la ciudad maya de Zac\u00ed sobre la que se ciment\u00f3 la hoy cuatro veces heroica ciudad de Valladolid y descubre su historia, sus rincones m\u00e1gicos y conoce al eje tur\u00edstico de toda una [&hellip;]<\/p>","protected":false},"featured_media":2629,"comment_status":"open","ping_status":"closed","template":"","meta":{"_joinchat":[]},"product_brand":[],"product_cat":[20],"product_tag":[],"class_list":{"0":"post-3883","1":"product","2":"type-product","3":"status-publish","4":"has-post-thumbnail","6":"product_cat-tours","8":"first","9":"instock","10":"virtual","11":"sold-individually","12":"purchasable","13":"product-type-booking"},"exclude_global_add_ons":false,"addons":[{"name":"Donation","type":"multiple_choice","position":0,"required":true,"title_format":"label","description_enable":true,"description":"NGO Mayan Single Mothers","placeholder_enable":false,"placeholder":"","display":"select","restrictions_type":"any_text","adjust_price":false,"price":"","price_type":"flat_fee","restrictions":false,"min":0,"max":0,"options":[{"label":"No donar","price":"","price_type":"flat_fee","image":0},{"label":"Donar 50","price":"50","price_type":"flat_fee","image":0},{"label":"Donar 100","price":"100","price_type":"flat_fee","image":0},{"label":"Donar 200","price":"200","price_type":"flat_fee","image":0},{"label":"Donar 500","price":"500","price_type":"flat_fee","image":0}],"id":1727822449},{"name":"Transport","type":"multiple_choice","position":0,"required":true,"title_format":"label","description_enable":true,"description":"From the City of Valladolid","placeholder_enable":false,"placeholder":"","display":"select","restrictions_type":"any_text","adjust_price":false,"price":"","price_type":"flat_fee","restrictions":false,"min":0,"max":0,"options":[{"label":"Sin requerir","price":"","price_type":"flat_fee","image":0},{"label":"2 pax","price":"800","price_type":"flat_fee","image":0},{"label":"3 pax","price":"800","price_type":"flat_fee","image":0},{"label":"4 pax","price":"800","price_type":"flat_fee","image":0},{"label":"5 pax","price":"1200","price_type":"flat_fee","image":0},{"label":"6 pax","price":"1200","price_type":"flat_fee","image":0},{"label":"7 pax","price":"1400","price_type":"flat_fee","image":0},{"label":"8 pax","price":"1600","price_type":"flat_fee","image":0},{"label":"9 pax","price":"1800","price_type":"flat_fee","image":0},{"label":"10 pax","price":"2000","price_type":"flat_fee","image":0}],"id":1727460501},{"name":"Donation","type":"multiple_choice","position":1,"required":true,"title_format":"label","description_enable":true,"description":"NGO Mayan Single Mothers","placeholder_enable":false,"placeholder":"","display":"select","restrictions_type":"any_text","adjust_price":false,"price":"","price_type":"flat_fee","restrictions":false,"min":0,"max":0,"options":[{"label":"No donar","price":"","price_type":"flat_fee","image":0},{"label":"Donar 50","price":"50","price_type":"flat_fee","image":0},{"label":"Donar 100","price":"100","price_type":"flat_fee","image":0},{"label":"Donar 200","price":"200","price_type":"flat_fee","image":0},{"label":"Donar 500","price":"500","price_type":"flat_fee","image":0}],"id":1727460175}],"_links":{"self":[{"href":"https:\/\/videomapping.com.mx\/en\/wp-json\/wp\/v2\/product\/3883","targetHints":{"allow":["GET"]}}],"collection":[{"href":"https:\/\/videomapping.com.mx\/en\/wp-json\/wp\/v2\/product"}],"about":[{"href":"https:\/\/videomapping.com.mx\/en\/wp-json\/wp\/v2\/types\/product"}],"replies":[{"embeddable":true,"href":"https:\/\/videomapping.com.mx\/en\/wp-json\/wp\/v2\/comments?post=3883"}],"wp:featuredmedia":[{"embeddable":true,"href":"https:\/\/videomapping.com.mx\/en\/wp-json\/wp\/v2\/media\/2629"}],"wp:attachment":[{"href":"https:\/\/videomapping.com.mx\/en\/wp-json\/wp\/v2\/media?parent=3883"}],"wp:term":[{"taxonomy":"product_brand","embeddable":true,"href":"https:\/\/videomapping.com.mx\/en\/wp-json\/wp\/v2\/product_brand?post=3883"},{"taxonomy":"product_cat","embeddable":true,"href":"https:\/\/videomapping.com.mx\/en\/wp-json\/wp\/v2\/product_cat?post=3883"},{"taxonomy":"product_tag","embeddable":true,"href":"https:\/\/videomapping.com.mx\/en\/wp-json\/wp\/v2\/product_tag?post=3883"}],"curies":[{"name":"wp","href":"https:\/\/api.w.org\/{rel}","templated":true}]}}