{"id":3879,"date":"2024-11-29T12:39:22","date_gmt":"2024-11-29T18:39:22","guid":{"rendered":"https:\/\/videomapping.com.mx\/?post_type=product&#038;p=3879"},"modified":"2024-12-02T17:32:40","modified_gmt":"2024-12-02T23:32:40","slug":"mappingcentro-esp","status":"publish","type":"product","link":"https:\/\/videomapping.com.mx\/en\/reservar\/mappingcentro-esp\/","title":{"rendered":"Mapping Centro Espa\u00f1ol"},"content":{"rendered":"<div class=\"elementor-element elementor-element-80ea78d elementor-widget elementor-widget-text-editor\" data-id=\"80ea78d\" data-element_type=\"widget\" data-widget_type=\"text-editor.default\">\n<div class=\"elementor-widget-container\">\n<p>El video mapping en la Iglesia de San Gervasio es una de las atracciones m\u00e1s recientes y emocionantes de Valladolid. Este espect\u00e1culo de luz y sonido se lleva a cabo de martes a domingo a partir de las 10 de la noche, con una duraci\u00f3n de aproximadamente 20 minutos por proyecci\u00f3n y lleva por nombre \u201cValladolid en la Historia\u201d. Las presentaciones est\u00e1n disponibles tanto en espa\u00f1ol como en ingl\u00e9s, lo que permite a todos los visitantes disfrutar de la experiencia.<\/p>\n<\/div>\n<\/div>\n<div class=\"elementor-element elementor-element-b5ab7a4 elementor-widget elementor-widget-text-editor\" data-id=\"b5ab7a4\" data-element_type=\"widget\" data-widget_type=\"text-editor.default\">\n<div class=\"elementor-widget-container\">\n<p>El video mapping transforma la fachada de la iglesia en una pantalla gigante donde se proyectan im\u00e1genes que narran la historia de la Pen\u00ednsula de Yucat\u00e1n. Desde las memorias prehist\u00f3ricas y el impacto del meteorito que extingui\u00f3 a los dinosaurios, hasta la cosmolog\u00eda de la gran cultura maya y la ciudad prehisp\u00e1nica de Ek Balam, cada proyecci\u00f3n es un viaje a trav\u00e9s del tiempo y el espacio.<\/p>\n<\/div>\n<\/div>\n<div class=\"elementor-element elementor-element-f2f2c70 elementor-widget elementor-widget-text-editor\" data-id=\"f2f2c70\" data-element_type=\"widget\" data-widget_type=\"text-editor.default\">\n<div class=\"elementor-widget-container\">Este evento no solo es un espect\u00e1culo visual, sino tambi\u00e9n una celebraci\u00f3n de la rica herencia cultural de Valladolid. Utilizando tecnolog\u00eda de punta, el videomapping logra resaltar la arquitectura barroca y colonial de la iglesia, creando una fusi\u00f3n perfecta entre el pasado y el presente. Es una manera innovadora de contar historias y preservar la memoria hist\u00f3rica de la regi\u00f3n.<\/div>\n<\/div>","protected":false},"excerpt":{"rendered":"<p>El video mapping en la Iglesia de San Gervasio es una de las atracciones m\u00e1s recientes y emocionantes de Valladolid. Este espect\u00e1culo de luz y sonido se lleva a cabo de martes a domingo a partir de las 10 de la noche, con una duraci\u00f3n de aproximadamente 20 minutos por proyecci\u00f3n y lleva por nombre [&hellip;]<\/p>","protected":false},"featured_media":3713,"comment_status":"open","ping_status":"closed","template":"","meta":{"_joinchat":[]},"product_brand":[],"product_cat":[16],"product_tag":[],"class_list":{"0":"post-3879","1":"product","2":"type-product","3":"status-publish","4":"has-post-thumbnail","6":"product_cat-video-mapping","8":"first","9":"instock","10":"virtual","11":"sold-individually","12":"purchasable","13":"product-type-booking"},"exclude_global_add_ons":false,"addons":[{"name":"Transport","type":"multiple_choice","position":0,"required":true,"title_format":"label","description_enable":true,"description":"From the City of Valladolid","placeholder_enable":false,"placeholder":"","display":"select","restrictions_type":"any_text","adjust_price":false,"price":"","price_type":"flat_fee","restrictions":false,"min":0,"max":0,"options":[{"label":"Sin requerir","price":"","price_type":"flat_fee","image":0},{"label":"2 pax","price":"800","price_type":"flat_fee","image":0},{"label":"3 pax","price":"800","price_type":"flat_fee","image":0},{"label":"4 pax","price":"800","price_type":"flat_fee","image":0},{"label":"5 pax","price":"1200","price_type":"flat_fee","image":0},{"label":"6 pax","price":"1200","price_type":"flat_fee","image":0},{"label":"7 pax","price":"1400","price_type":"flat_fee","image":0},{"label":"8 pax","price":"1600","price_type":"flat_fee","image":0},{"label":"9 pax","price":"1800","price_type":"flat_fee","image":0},{"label":"10 pax","price":"2000","price_type":"flat_fee","image":0}],"id":1727460501},{"name":"Donation","type":"multiple_choice","position":1,"required":true,"title_format":"label","description_enable":true,"description":"NGO Mayan Single Mothers","placeholder_enable":false,"placeholder":"","display":"select","restrictions_type":"any_text","adjust_price":false,"price":"","price_type":"flat_fee","restrictions":false,"min":0,"max":0,"options":[{"label":"No donar","price":"","price_type":"flat_fee","image":0},{"label":"Donar 50","price":"50","price_type":"flat_fee","image":0},{"label":"Donar 100","price":"100","price_type":"flat_fee","image":0},{"label":"Donar 200","price":"200","price_type":"flat_fee","image":0},{"label":"Donar 500","price":"500","price_type":"flat_fee","image":0}],"id":1727460175},{"name":"Transport","type":"multiple_choice","position":0,"required":true,"title_format":"label","description_enable":true,"description":"From the City of Valladolid","placeholder_enable":false,"placeholder":"","display":"select","restrictions_type":"any_text","adjust_price":false,"price":"","price_type":"flat_fee","restrictions":false,"min":0,"max":0,"options":[{"label":"Sin requerir","price":"","price_type":"flat_fee","image":0},{"label":"2 pax","price":"50","price_type":"flat_fee","image":0},{"label":"3 pax","price":"50","price_type":"flat_fee","image":0},{"label":"4 pax","price":"50","price_type":"flat_fee","image":0},{"label":"5 pax","price":"100","price_type":"flat_fee","image":0},{"label":"6 pax","price":"100","price_type":"flat_fee","image":0},{"label":"7 pax","price":"100","price_type":"flat_fee","image":0},{"label":"8 pax","price":"100","price_type":"flat_fee","image":0},{"label":"9 pax","price":"150","price_type":"flat_fee","image":0},{"label":"10 pax","price":"150","price_type":"flat_fee","image":0}],"id":1732902885}],"_links":{"self":[{"href":"https:\/\/videomapping.com.mx\/en\/wp-json\/wp\/v2\/product\/3879","targetHints":{"allow":["GET"]}}],"collection":[{"href":"https:\/\/videomapping.com.mx\/en\/wp-json\/wp\/v2\/product"}],"about":[{"href":"https:\/\/videomapping.com.mx\/en\/wp-json\/wp\/v2\/types\/product"}],"replies":[{"embeddable":true,"href":"https:\/\/videomapping.com.mx\/en\/wp-json\/wp\/v2\/comments?post=3879"}],"wp:featuredmedia":[{"embeddable":true,"href":"https:\/\/videomapping.com.mx\/en\/wp-json\/wp\/v2\/media\/3713"}],"wp:attachment":[{"href":"https:\/\/videomapping.com.mx\/en\/wp-json\/wp\/v2\/media?parent=3879"}],"wp:term":[{"taxonomy":"product_brand","embeddable":true,"href":"https:\/\/videomapping.com.mx\/en\/wp-json\/wp\/v2\/product_brand?post=3879"},{"taxonomy":"product_cat","embeddable":true,"href":"https:\/\/videomapping.com.mx\/en\/wp-json\/wp\/v2\/product_cat?post=3879"},{"taxonomy":"product_tag","embeddable":true,"href":"https:\/\/videomapping.com.mx\/en\/wp-json\/wp\/v2\/product_tag?post=3879"}],"curies":[{"name":"wp","href":"https:\/\/api.w.org\/{rel}","templated":true}]}}